{"id":2571,"date":"2025-11-16T14:29:26","date_gmt":"2025-11-16T13:29:26","guid":{"rendered":"https:\/\/ziemer-celle.de\/rikeswunderkiste\/?page_id=2571"},"modified":"2025-11-18T20:53:43","modified_gmt":"2025-11-18T19:53:43","slug":"herzlich-willkommen","status":"publish","type":"page","link":"https:\/\/ziemer-celle.de\/rikeswunderkiste\/","title":{"rendered":"Herzlich Willkommen"},"content":{"rendered":"<p><img data-recalc-dims=\"1\" loading=\"lazy\" decoding=\"async\" class=\"size-medium wp-image-2712 alignleft\" src=\"https:\/\/i0.wp.com\/ziemer-celle.de\/rikeswunderkiste\/wp-content\/uploads\/2025\/11\/Rike.jpg?resize=215%2C300\" alt=\"\" width=\"215\" height=\"300\" srcset=\"https:\/\/i0.wp.com\/ziemer-celle.de\/rikeswunderkiste\/wp-content\/uploads\/2025\/11\/Rike.jpg?resize=215%2C300&amp;ssl=1 215w, https:\/\/i0.wp.com\/ziemer-celle.de\/rikeswunderkiste\/wp-content\/uploads\/2025\/11\/Rike.jpg?resize=733%2C1024&amp;ssl=1 733w, https:\/\/i0.wp.com\/ziemer-celle.de\/rikeswunderkiste\/wp-content\/uploads\/2025\/11\/Rike.jpg?resize=768%2C1073&amp;ssl=1 768w, https:\/\/i0.wp.com\/ziemer-celle.de\/rikeswunderkiste\/wp-content\/uploads\/2025\/11\/Rike.jpg?resize=1100%2C1536&amp;ssl=1 1100w, https:\/\/i0.wp.com\/ziemer-celle.de\/rikeswunderkiste\/wp-content\/uploads\/2025\/11\/Rike.jpg?resize=618%2C863&amp;ssl=1 618w, https:\/\/i0.wp.com\/ziemer-celle.de\/rikeswunderkiste\/wp-content\/uploads\/2025\/11\/Rike.jpg?resize=318%2C444&amp;ssl=1 318w, https:\/\/i0.wp.com\/ziemer-celle.de\/rikeswunderkiste\/wp-content\/uploads\/2025\/11\/Rike.jpg?w=1195&amp;ssl=1 1195w\" sizes=\"auto, (max-width: 215px) 100vw, 215px\" \/><\/p>\n<p>&nbsp;<\/p>\n<p>&nbsp;<\/p>\n<p>&nbsp;<\/p>\n<p>&nbsp;<\/p>\n<p>&nbsp;<\/p>\n<p>&nbsp;<\/p>\n<p>&nbsp;<\/p>\n<p>&nbsp;<\/p>\n<p>Ich bin Ulrike Ziemer und schreibe Rezensionen \u00fcber Fachliteratur (P\u00e4dagogik, Psychologie) , Sachb\u00fccher (Erziehungsratgeber, Kochb\u00fccher, kreative Impulse), Kinderliteratur (Baby- , Kinder- und Jugendb\u00fccher) und Belletristik.<\/p>\n<p>Als Rike schreibe ich Kurzgeschichten und Gedichte f\u00fcr Erwachsene und Kinder. Mein erstes Kinderbuch ist bald fertig.<\/p>\n<p>Ich habe eine Vorliebe f\u00fcr B\u00fccher, Bibliotheken, Buchhandlungen, Lesen und Schreiben. Alles Gedruckte \u00fcbt eine Faszination auf mich aus.<\/p>\n<p>Viel Spa\u00df beim Durchst\u00f6bern und inspirieren auf meinem Blog!<\/p>\n","protected":false},"excerpt":{"rendered":"<p>&nbsp; &nbsp; &nbsp; &nbsp; &nbsp; &nbsp; &nbsp; &nbsp; Ich bin Ulrike Ziemer und schreibe Rezensionen \u00fcber Fachliteratur (P\u00e4dagogik, Psychologie) , Sachb\u00fccher (Erziehungsratgeber, Kochb\u00fccher, kreative Impulse), Kinderliteratur (Baby- , Kinder- und Jugendb\u00fccher) und Belletristik. Als Rike schreibe ich Kurzgeschichten und Gedichte f\u00fcr Erwachsene und Kinder. Mein erstes Kinderbuch ist bald fertig. Ich habe eine Vorliebe f\u00fcr [&hellip;]<\/p>\n","protected":false},"author":2,"featured_media":0,"parent":0,"menu_order":0,"comment_status":"closed","ping_status":"closed","template":"","meta":{"om_disable_all_campaigns":false,"_exactmetrics_skip_tracking":false,"_exactmetrics_sitenote_active":false,"_exactmetrics_sitenote_note":"","_exactmetrics_sitenote_category":0,"_uf_show_specific_survey":0,"_uf_disable_surveys":false,"footnotes":""},"class_list":["post-2571","page","type-page","status-publish","hentry"],"aioseo_notices":[],"jetpack_sharing_enabled":true,"jetpack_shortlink":"https:\/\/wp.me\/P93Fuu-Ft","jetpack_likes_enabled":true,"_links":{"self":[{"href":"https:\/\/ziemer-celle.de\/rikeswunderkiste\/wp-json\/wp\/v2\/pages\/2571","targetHints":{"allow":["GET"]}}],"collection":[{"href":"https:\/\/ziemer-celle.de\/rikeswunderkiste\/wp-json\/wp\/v2\/pages"}],"about":[{"href":"https:\/\/ziemer-celle.de\/rikeswunderkiste\/wp-json\/wp\/v2\/types\/page"}],"author":[{"embeddable":true,"href":"https:\/\/ziemer-celle.de\/rikeswunderkiste\/wp-json\/wp\/v2\/users\/2"}],"replies":[{"embeddable":true,"href":"https:\/\/ziemer-celle.de\/rikeswunderkiste\/wp-json\/wp\/v2\/comments?post=2571"}],"version-history":[{"count":7,"href":"https:\/\/ziemer-celle.de\/rikeswunderkiste\/wp-json\/wp\/v2\/pages\/2571\/revisions"}],"predecessor-version":[{"id":2714,"href":"https:\/\/ziemer-celle.de\/rikeswunderkiste\/wp-json\/wp\/v2\/pages\/2571\/revisions\/2714"}],"wp:attachment":[{"href":"https:\/\/ziemer-celle.de\/rikeswunderkiste\/wp-json\/wp\/v2\/media?parent=2571"}],"curies":[{"name":"wp","href":"https:\/\/api.w.org\/{rel}","templated":true}]}}